{"id":76,"date":"2025-11-20T16:59:12","date_gmt":"2025-11-20T16:59:12","guid":{"rendered":"https:\/\/afgformation.vigicorp.dev\/?page_id=76"},"modified":"2025-11-20T16:59:12","modified_gmt":"2025-11-20T16:59:12","slug":"nous-contacter","status":"publish","type":"page","link":"https:\/\/afgformation.fr\/nous-contacter\/","title":{"rendered":"Nous contacter"},"content":{"rendered":"\n<p>L&rsquo;\u00e9quipe Formation est \u00e0 votre disposition pour toute question.<\/p>\n","protected":false},"excerpt":{"rendered":"<p>L&rsquo;\u00e9quipe d&rsquo;AFG Formation est \u00e0 votre \u00e9coute via ce formulaire.<\/p>\n","protected":false},"author":3,"featured_media":435,"parent":0,"menu_order":0,"comment_status":"closed","ping_status":"closed","template":"page-contact.php","meta":{"_acf_changed":false,"_gspb_post_css":"","footnotes":""},"class_list":["post-76","page","type-page","status-publish","has-post-thumbnail","hentry"],"acf":[],"_links":{"self":[{"href":"https:\/\/afgformation.fr\/fr\/wp-json\/wp\/v2\/pages\/76","targetHints":{"allow":["GET"]}}],"collection":[{"href":"https:\/\/afgformation.fr\/fr\/wp-json\/wp\/v2\/pages"}],"about":[{"href":"https:\/\/afgformation.fr\/fr\/wp-json\/wp\/v2\/types\/page"}],"author":[{"embeddable":true,"href":"https:\/\/afgformation.fr\/fr\/wp-json\/wp\/v2\/users\/3"}],"replies":[{"embeddable":true,"href":"https:\/\/afgformation.fr\/fr\/wp-json\/wp\/v2\/comments?post=76"}],"version-history":[{"count":0,"href":"https:\/\/afgformation.fr\/fr\/wp-json\/wp\/v2\/pages\/76\/revisions"}],"wp:featuredmedia":[{"embeddable":true,"href":"https:\/\/afgformation.fr\/fr\/wp-json\/wp\/v2\/media\/435"}],"wp:attachment":[{"href":"https:\/\/afgformation.fr\/fr\/wp-json\/wp\/v2\/media?parent=76"}],"curies":[{"name":"wp","href":"https:\/\/api.w.org\/{rel}","templated":true}]}}