{"id":315,"date":"2025-12-04T15:34:55","date_gmt":"2025-12-04T15:34:55","guid":{"rendered":"https:\/\/afgformation.fr\/?page_id=315"},"modified":"2025-12-04T15:34:55","modified_gmt":"2025-12-04T15:34:55","slug":"mentions-legales","status":"publish","type":"page","link":"https:\/\/afgformation.fr\/mentions-legales\/","title":{"rendered":"Mentions l\u00e9gales"},"content":{"rendered":"\n<h4 class=\"wp-block-heading\" id=\"avertissement\">Avertissement<\/h4>\n\n\n\n<p>1. L\u2019AFG apporte ses meilleurs soins pour assurer l\u2019exactitude des informations et donn\u00e9es disponibles sur son site web et permettre leur actualisation dans les meilleurs d\u00e9lais. Pour autant, l\u2019AFG ne saurait \u00eatre tenue pour responsable de toute erreur, omission, alt\u00e9ration ou d\u00e9lais de mise \u00e0 jour desdites informations et donn\u00e9es. Les utilisateurs du site sont en cons\u00e9quence invit\u00e9s \u00e0 ne prendre aucune d\u00e9cision sur la base de ces informations et donn\u00e9es avant de les avoir v\u00e9rifi\u00e9es. Tout utilisateur reconna\u00eet utiliser les donn\u00e9es et informations qui lui sont propos\u00e9es \u00e0 ses seuls risques et p\u00e9rils.<\/p>\n\n\n\n<p>2. Aucune information apparaissant sur le site ne saurait \u00eatre consid\u00e9r\u00e9e comme un conseil, une offre de services ou de produits, notamment de services financiers, \u00e9manant de l\u2019AFG ou de l\u2019une des quelconques personnes r\u00e9pertori\u00e9es sur le site, ni comme une offre ou la sollicitation d\u2019une offre d\u2019achat ou de vente de produits d\u2019investissement..<\/p>\n\n\n\n<p>3. Toute reproduction, copie, duplication, transfert, cr\u00e9ation de liens hypertexte, sous quelque forme que ce soit concernant tout ou partie des informations figurant sur le site est soumis \u00e0 l\u2019accord pr\u00e9alable de l\u2019AFG.<\/p>\n\n\n\n<h4 class=\"wp-block-heading\" id=\"responsable-de-la-publication\">Responsable de la publication<\/h4>\n\n\n\n<p>Christophe Laurentie<\/p>\n\n\n\n<h4 class=\"wp-block-heading\" id=\"hebergement\">H\u00e9bergement<\/h4>\n\n\n\n<p>OVH \u2013&nbsp;Si\u00e8ge social : 2 rue Kellermann \u2013 59100 Roubaix \u2013 France.<\/p>\n\n\n\n<h4 class=\"wp-block-heading\" id=\"creation-graphique-et-realisation-du-site-internet\">Cr\u00e9ation graphique et R\u00e9alisation du site internet<\/h4>\n\n\n\n<p>Vigicorp<\/p>\n\n\n\n<h4 class=\"wp-block-heading\" id=\"renseignements-a-caractere-general\">Renseignements \u00e0 caract\u00e8re g\u00e9n\u00e9ral<\/h4>\n\n\n\n<p>D\u00e9nomination : AFG Formation<\/p>\n\n\n\n<p>Adresse : 17 square Edouard VII &#8211; 75009 PARIS<\/p>\n\n\n\n<p>T\u00e9l\u00e9phone : 01 44 94 94 00<\/p>\n\n\n\n<p>Forme : Association<\/p>\n\n\n\n<p>L\u00e9gislation : Fran\u00e7aise<\/p>\n","protected":false},"excerpt":{"rendered":"<p>Avertissement 1. L\u2019AFG apporte ses meilleurs soins pour assurer l\u2019exactitude des informations et donn\u00e9es disponibles sur son site web et&hellip;<\/p>\n","protected":false},"author":6,"featured_media":0,"parent":0,"menu_order":0,"comment_status":"closed","ping_status":"closed","template":"","meta":{"_acf_changed":false,"_gspb_post_css":"","footnotes":""},"class_list":["post-315","page","type-page","status-publish","hentry"],"acf":[],"_links":{"self":[{"href":"https:\/\/afgformation.fr\/fr\/wp-json\/wp\/v2\/pages\/315","targetHints":{"allow":["GET"]}}],"collection":[{"href":"https:\/\/afgformation.fr\/fr\/wp-json\/wp\/v2\/pages"}],"about":[{"href":"https:\/\/afgformation.fr\/fr\/wp-json\/wp\/v2\/types\/page"}],"author":[{"embeddable":true,"href":"https:\/\/afgformation.fr\/fr\/wp-json\/wp\/v2\/users\/6"}],"replies":[{"embeddable":true,"href":"https:\/\/afgformation.fr\/fr\/wp-json\/wp\/v2\/comments?post=315"}],"version-history":[{"count":0,"href":"https:\/\/afgformation.fr\/fr\/wp-json\/wp\/v2\/pages\/315\/revisions"}],"wp:attachment":[{"href":"https:\/\/afgformation.fr\/fr\/wp-json\/wp\/v2\/media?parent=315"}],"curies":[{"name":"wp","href":"https:\/\/api.w.org\/{rel}","templated":true}]}}