{"id":313,"date":"2025-12-04T15:30:49","date_gmt":"2025-12-04T15:30:49","guid":{"rendered":"https:\/\/afgformation.fr\/?page_id=313"},"modified":"2025-12-04T15:30:49","modified_gmt":"2025-12-04T15:30:49","slug":"politique-de-confidentialite","status":"publish","type":"page","link":"https:\/\/afgformation.fr\/politique-de-confidentialite\/","title":{"rendered":"Politique de confidentialit\u00e9"},"content":{"rendered":"\n<p><strong>1\/ Protection des biens et des personnes \u2013 gestion des donn\u00e9es personnelles :<\/strong><\/p>\n\n\n\n<p>Utilisateur : Internaute se connectant, utilisant le site susnomm\u00e9 :&nbsp;<a href=\"https:\/\/www.afgformation.fr\/\">www.afgformation.fr<\/a><\/p>\n\n\n\n<p>En France, les donn\u00e9es personnelles sont notamment prot\u00e9g\u00e9es par la loi n\u00b0 78-87 du 6 janvier 1978, la loi n\u00b0 2004-801 du 6 ao\u00fbt 2004, l\u2019article L. 226-13 du Code p\u00e9nal et la Directive Europ\u00e9enne du 24 octobre 1995.<\/p>\n\n\n\n<p>Sur le site&nbsp;<a href=\"https:\/\/www.afgformation.fr\/\">www.afgformation.fr<\/a>, le propri\u00e9taire du site ne collecte des informations personnelles relatives \u00e0 l\u2019utilisateur que pour le besoin de certains services propos\u00e9s par le site&nbsp;<a href=\"https:\/\/www.afgformation.fr\/\">www.afgformation.fr<\/a>. L\u2019utilisateur fournit ces informations en toute connaissance de cause, notamment lorsqu\u2019il proc\u00e8de par lui-m\u00eame \u00e0 leur saisie. Il est alors pr\u00e9cis\u00e9 \u00e0 l\u2019utilisateur du site&nbsp;<a href=\"https:\/\/www.afgformation.fr\/\">www.afgformation.fr<\/a>&nbsp;l\u2019obligation ou non de fournir ces informations.<\/p>\n\n\n\n<p>Conform\u00e9ment aux dispositions des articles 38 et suivants de la loi 78-17 du 6 janvier 1978 relative \u00e0 l\u2019informatique, aux fichiers et aux libert\u00e9s, tout utilisateur dispose d\u2019un droit d\u2019acc\u00e8s, de rectification, de suppression et d\u2019opposition aux donn\u00e9es personnelles le concernant. Pour l\u2019exercer, adressez votre demande \u00e0&nbsp;<a href=\"https:\/\/www.afgformation.fr\/\">www.afgformation.fr<\/a>&nbsp;par email :&nbsp;<a href=\"mailto:afg@afg.asso.fr\">certification@afg.asso.fr<\/a>&nbsp;ou&nbsp; en effectuant sa demande \u00e9crite et sign\u00e9e, accompagn\u00e9e d\u2019une copie du titre d\u2019identit\u00e9 avec signature du titulaire de la pi\u00e8ce, en pr\u00e9cisant l\u2019adresse \u00e0 laquelle la r\u00e9ponse doit \u00eatre envoy\u00e9e.<\/p>\n\n\n\n<p>Aucune information personnelle de l\u2019utilisateur du site&nbsp;<a href=\"https:\/\/www.afgformation.fr\/\">www.afgformation.fr<\/a>&nbsp;n\u2019est publi\u00e9e \u00e0 l\u2019insu de l\u2019utilisateur, \u00e9chang\u00e9e, transf\u00e9r\u00e9e, c\u00e9d\u00e9e ou vendue sur un support quelconque \u00e0 des tiers.<\/p>\n\n\n\n<p>Les bases de donn\u00e9es sont prot\u00e9g\u00e9es par les dispositions de la loi du 1er juillet 1998 transposant la directive 96\/9 du 11 mars 1996 relative \u00e0 la protection juridique des bases de donn\u00e9es.<\/p>\n\n\n\n<p><strong>2\/ R\u00e8glement g\u00e9n\u00e9ral sur la protection des donn\u00e9es (RGPD)<\/strong><\/p>\n\n\n\n<p>Informatique et Libert\u00e9s&nbsp;: Les informations et donn\u00e9es personnelles saisies sur le site ne seront utilis\u00e9es et d\u00e9clar\u00e9es \u00e0 la Commission Nationale de l\u2019Informatique et des Libert\u00e9s que pour les seules finalit\u00e9s :- de la gestion des demandes de renseignement, \u2013 de prospection commerciale, \u2013 d\u2019inscription \u00e0 nos sessions de formation, \u2013 des alertes e-mail. Les donn\u00e9es signal\u00e9es par un ast\u00e9risque sur les formulaires et questionnaires sont n\u00e9cessaires \u00e0 la gestion des op\u00e9rations mentionn\u00e9es ci-dessus. Le d\u00e9faut de communication d\u2019une donn\u00e9e obligatoire aura pour cons\u00e9quence d\u2019emp\u00eacher l\u2019utilisation de la fonctionnalit\u00e9.<\/p>\n\n\n\n<p>Ces informations pourront donner lieu \u00e0 l\u2019exercice du droit d\u2019acc\u00e8s, de communication, d\u2019opposition et de rectification dans les conditions pr\u00e9vues par la loi n\u00b078-17 du 6 janvier 1978 relative \u00e0 l\u2019informatique, aux fichiers et aux libert\u00e9s(*). L\u2019internaute peut s\u2019opposer \u00e0 recevoir des sollicitations commerciales en vue de la pr\u00e9sentation des produits et services. Pour l\u2019exercer, adressez-vous par courrier \u00e9lectronique \u00e0 :&nbsp;<a href=\"mailto:certification@afg.asso.fr\">certification@afg.asso.fr<\/a><\/p>\n\n\n\n<p>Les informations relatives aux demandes d\u2019inscription sont stock\u00e9es sur le site ainsi que dans notre base de gestion des formations, interne \u00e0 l\u2019AFG.<\/p>\n\n\n\n<p>Enfin dans un but de pr\u00e9vention d\u2019attaques externes, notre serveur stock pour une dur\u00e9e d\u2019un an les logs de connexion dans un fichier texte accessible uniquement par l\u2019administrateur du serveur. Celui contient l\u2019adresse IP publique de tous les visiteurs. Vous pouvez faire part de votre souhait de suppression des informations vous concernant en nous communiquant votre adresse IP \u00e0 l\u2019adresse :&nbsp;<a href=\"mailto:certification@afg.asso.fr\">certification@afg.asso.fr<\/a><\/p>\n\n\n\n<p><strong>&nbsp;<\/strong><strong>3\/Cookies&nbsp;<\/strong>:<\/p>\n\n\n\n<p><strong>Liens hypertextes et cookies<\/strong>&nbsp;:<\/p>\n\n\n\n<p>Le site&nbsp;<a href=\"https:\/\/www.afgformation.fr\/\">www.afgformation.fr<\/a>&nbsp;contient un certain nombre de liens hypertextes vers d\u2019autres sites (partenaires, informations \u2026) mis en place avec l\u2019autorisation du propri\u00e9taire du site. Cependant, le propri\u00e9taire du site n\u2019a pas la possibilit\u00e9 de v\u00e9rifier le contenu des sites ainsi visit\u00e9s&nbsp; et d\u00e9cline donc toute responsabilit\u00e9 de ce fait quant aux risques \u00e9ventuels de contenus illicites.<\/p>\n\n\n\n<p>L\u2019utilisateur est inform\u00e9 que lors de ses visites sur le site&nbsp;<a href=\"https:\/\/www.afgformation.fr\/\">www.afgformation.fr<\/a>, un ou des cookies sont susceptibles de s\u2019installer automatiquement sur son ordinateur. Un cookie est un fichier de petite taille, qui ne permet pas l\u2019identification de l\u2019utilisateur, mais qui enregistre des informations relatives \u00e0 la navigation d\u2019un ordinateur sur un site. Les donn\u00e9es ainsi obtenues visent \u00e0 faciliter la navigation ult\u00e9rieure sur le site, et ont \u00e9galement vocation \u00e0 permettre diverses mesures de fr\u00e9quentation. Nous n\u2019utilisons aucun cookie permettant un ciblage publicitaire.<\/p>\n\n\n\n<p>Le param\u00e9trage du logiciel de navigation permet d\u2019informer de la pr\u00e9sence de cookie et \u00e9ventuellement, de refuser de la mani\u00e8re d\u00e9crite \u00e0 l\u2019adresse suivante :&nbsp;<a href=\"http:\/\/www.cnil.fr\/\">www.cnil.fr<\/a><\/p>\n\n\n\n<p>Le refus d\u2019installation d\u2019un cookie peut entra\u00eener l\u2019impossibilit\u00e9 d\u2019acc\u00e9der \u00e0 certains services. L\u2019utilisateur peut toutefois configurer son ordinateur pour refuser l\u2019installation des cookies.<\/p>\n","protected":false},"excerpt":{"rendered":"<p>1\/ Protection des biens et des personnes \u2013 gestion des donn\u00e9es personnelles : Utilisateur : Internaute se connectant, utilisant le&hellip;<\/p>\n","protected":false},"author":6,"featured_media":0,"parent":0,"menu_order":0,"comment_status":"closed","ping_status":"closed","template":"","meta":{"_acf_changed":false,"_gspb_post_css":"","footnotes":""},"class_list":["post-313","page","type-page","status-publish","hentry"],"acf":[],"_links":{"self":[{"href":"https:\/\/afgformation.fr\/fr\/wp-json\/wp\/v2\/pages\/313","targetHints":{"allow":["GET"]}}],"collection":[{"href":"https:\/\/afgformation.fr\/fr\/wp-json\/wp\/v2\/pages"}],"about":[{"href":"https:\/\/afgformation.fr\/fr\/wp-json\/wp\/v2\/types\/page"}],"author":[{"embeddable":true,"href":"https:\/\/afgformation.fr\/fr\/wp-json\/wp\/v2\/users\/6"}],"replies":[{"embeddable":true,"href":"https:\/\/afgformation.fr\/fr\/wp-json\/wp\/v2\/comments?post=313"}],"version-history":[{"count":0,"href":"https:\/\/afgformation.fr\/fr\/wp-json\/wp\/v2\/pages\/313\/revisions"}],"wp:attachment":[{"href":"https:\/\/afgformation.fr\/fr\/wp-json\/wp\/v2\/media?parent=313"}],"curies":[{"name":"wp","href":"https:\/\/api.w.org\/{rel}","templated":true}]}}