{"id":113,"date":"2025-11-24T10:23:11","date_gmt":"2025-11-24T10:23:11","guid":{"rendered":"https:\/\/afgformation.vigicorp.dev\/?page_id=113"},"modified":"2025-12-17T17:32:12","modified_gmt":"2025-12-17T17:32:12","slug":"a-propos","status":"publish","type":"page","link":"https:\/\/afgformation.fr\/a-propos\/","title":{"rendered":"\u00c0 propos"},"content":{"rendered":"\n<div class=\"wp-block-group\"><div class=\"wp-block-group__inner-container is-layout-constrained wp-block-group-is-layout-constrained\">\n<div style=\"height:32px\" aria-hidden=\"true\" class=\"wp-block-spacer\"><\/div>\n\n\n\n<h2 class=\"wp-block-heading\" id=\"notre-histoire\">Notre histoire<\/h2>\n\n\n\n<div style=\"height:32px\" aria-hidden=\"true\" class=\"wp-block-spacer\"><\/div>\n\n\n\n<figure class=\"wp-block-image size-full is-resized has-custom-border\"><img loading=\"lazy\" decoding=\"async\" width=\"1000\" height=\"500\" src=\"https:\/\/www.afg.asso.fr\/app\/uploads\/sites\/2\/2025\/12\/17409-1.jpg\" alt=\"\" class=\"wp-image-663\" style=\"border-radius:20px;aspect-ratio:16\/9;object-fit:cover;width:1118px;height:auto\" srcset=\"https:\/\/www.afg.asso.fr\/app\/uploads\/sites\/2\/2025\/12\/17409-1.jpg 1000w, https:\/\/www.afg.asso.fr\/app\/uploads\/sites\/2\/2025\/12\/17409-1-300x150.jpg 300w, https:\/\/www.afg.asso.fr\/app\/uploads\/sites\/2\/2025\/12\/17409-1-768x384.jpg 768w, https:\/\/www.afg.asso.fr\/app\/uploads\/sites\/2\/2025\/12\/17409-1-60x30.jpg 60w\" sizes=\"auto, (max-width: 1000px) 100vw, 1000px\" \/><\/figure>\n\n\n\n<div style=\"height:52px\" aria-hidden=\"true\" class=\"wp-block-spacer\"><\/div>\n\n\n\n<p>Depuis plus de 20 ans, AFG Formation accompagne les professionnels dans leur d\u00e9veloppement et leur mont\u00e9e en comp\u00e9tences de leur expertise en gestion d\u2019actifs.<br>Filiale de l\u2019AFG, acteur majeur du secteur, nous b\u00e9n\u00e9ficions d\u2019une connaissance historique de la gestion d\u2019actifs et d\u2019une ma\u00eetrise approfondie des \u00e9volutions r\u00e9glementaires. Cette double expertise nous permet de concevoir des formations en ad\u00e9quation avec les enjeux actuels et les objectifs de nos clients.<\/p>\n\n\n\n<p>Nos formations sont \u00e9labor\u00e9es avec exigence par des experts reconnus de la finance. Tout au long de votre parcours, notre \u00e9quipe vous accompagne afin de vous offrir les meilleures conditions de r\u00e9ussite et vous permettre d\u2019atteindre vos objectifs.<\/p>\n\n\n\n<h3 class=\"wp-block-heading\" id=\"nos-atouts\"><strong>Nos atouts&nbsp;<\/strong><\/h3>\n\n\n\n<div style=\"height:47px\" aria-hidden=\"true\" class=\"wp-block-spacer\"><\/div>\n\n\n\n<ul class=\"wp-block-list\">\n<li>Un<strong> taux de r\u00e9ussite \u00e9lev\u00e9<\/strong> dans les certifications AMF (G\u00e9n\u00e9raliste \/ Finance durable)<\/li>\n<\/ul>\n\n\n\n<ul class=\"wp-block-list\">\n<li>Un <strong>savoir-faire unique <\/strong>en formation sur les domaines r\u00e9glementaires, d\u00e9ontologiques et financiers<\/li>\n<\/ul>\n\n\n\n<ul class=\"wp-block-list\">\n<li>Des programmes con\u00e7us par des<strong> experts pour les professionnels de la gestion d\u2019actifs<\/strong><\/li>\n<\/ul>\n\n\n\n<ul class=\"wp-block-list\">\n<li>Une <strong>\u00e9quipe \u00e0 votre \u00e9coute et accessible<\/strong><\/li>\n<\/ul>\n\n\n\n<div style=\"height:49px\" aria-hidden=\"true\" class=\"wp-block-spacer\"><\/div>\n<\/div><\/div>\n\n\n\n<div class=\"wp-block-group\" style=\"margin-top:var(--wp--preset--spacing--80);margin-bottom:var(--wp--preset--spacing--80);padding-top:0;padding-bottom:0\"><div class=\"wp-block-group__inner-container is-layout-constrained wp-block-group-is-layout-constrained\">\n<h2 class=\"wp-block-heading\" id=\"l-equipe-afg-formation-a-votre-ecoute\"><strong>L&rsquo;\u00e9quipe AFG Formation \u00e0 votre \u00e9coute<\/strong><\/h2>\n\n\n\n<div style=\"height:32px\" aria-hidden=\"true\" class=\"wp-block-spacer\"><\/div>\n\n\n\n<div class=\"wp-block-greenshift-blocks-container gspb_container gspb_container-gsbp-42b5851\" id=\"gspb_container-id-gsbp-42b5851\">\n<div class=\"wp-block-columns is-layout-flex wp-container-core-columns-is-layout-28f84493 wp-block-columns-is-layout-flex\">\n<div class=\"wp-block-column is-layout-flow wp-block-column-is-layout-flow\">\n<figure class=\"wp-block-image size-large has-custom-border\"><img loading=\"lazy\" decoding=\"async\" width=\"1024\" height=\"824\" src=\"https:\/\/www.afg.asso.fr\/app\/uploads\/sites\/2\/2025\/12\/Souffi-Herve_site-formation-1-scaled-1-1024x824.jpg\" alt=\"\" class=\"wp-image-721\" style=\"border-radius:20px;aspect-ratio:1;object-fit:cover\" srcset=\"https:\/\/www.afg.asso.fr\/app\/uploads\/sites\/2\/2025\/12\/Souffi-Herve_site-formation-1-scaled-1-1024x824.jpg 1024w, https:\/\/www.afg.asso.fr\/app\/uploads\/sites\/2\/2025\/12\/Souffi-Herve_site-formation-1-scaled-1-300x242.jpg 300w, https:\/\/www.afg.asso.fr\/app\/uploads\/sites\/2\/2025\/12\/Souffi-Herve_site-formation-1-scaled-1-768x618.jpg 768w, https:\/\/www.afg.asso.fr\/app\/uploads\/sites\/2\/2025\/12\/Souffi-Herve_site-formation-1-scaled-1-1536x1237.jpg 1536w, https:\/\/www.afg.asso.fr\/app\/uploads\/sites\/2\/2025\/12\/Souffi-Herve_site-formation-1-scaled-1-2048x1649.jpg 2048w, https:\/\/www.afg.asso.fr\/app\/uploads\/sites\/2\/2025\/12\/Souffi-Herve_site-formation-1-scaled-1-60x48.jpg 60w\" sizes=\"auto, (max-width: 1024px) 100vw, 1024px\" \/><\/figure>\n<\/div>\n\n\n\n<div class=\"wp-block-column is-layout-flow wp-block-column-is-layout-flow\">\n<figure class=\"wp-block-image size-large has-custom-border\"><img loading=\"lazy\" decoding=\"async\" width=\"1024\" height=\"831\" src=\"https:\/\/www.afg.asso.fr\/app\/uploads\/sites\/2\/2025\/12\/Rolland-Nathalie-afg-formation-ok-scaled-e1765289634721-1-1024x831.jpg\" alt=\"\" class=\"wp-image-720\" style=\"border-radius:20px;aspect-ratio:1;object-fit:cover\" srcset=\"https:\/\/www.afg.asso.fr\/app\/uploads\/sites\/2\/2025\/12\/Rolland-Nathalie-afg-formation-ok-scaled-e1765289634721-1-1024x831.jpg 1024w, https:\/\/www.afg.asso.fr\/app\/uploads\/sites\/2\/2025\/12\/Rolland-Nathalie-afg-formation-ok-scaled-e1765289634721-1-300x243.jpg 300w, https:\/\/www.afg.asso.fr\/app\/uploads\/sites\/2\/2025\/12\/Rolland-Nathalie-afg-formation-ok-scaled-e1765289634721-1-768x623.jpg 768w, https:\/\/www.afg.asso.fr\/app\/uploads\/sites\/2\/2025\/12\/Rolland-Nathalie-afg-formation-ok-scaled-e1765289634721-1-1536x1246.jpg 1536w, https:\/\/www.afg.asso.fr\/app\/uploads\/sites\/2\/2025\/12\/Rolland-Nathalie-afg-formation-ok-scaled-e1765289634721-1-2048x1661.jpg 2048w, https:\/\/www.afg.asso.fr\/app\/uploads\/sites\/2\/2025\/12\/Rolland-Nathalie-afg-formation-ok-scaled-e1765289634721-1-60x49.jpg 60w\" sizes=\"auto, (max-width: 1024px) 100vw, 1024px\" \/><\/figure>\n<\/div>\n\n\n\n<div class=\"wp-block-column is-layout-flow wp-block-column-is-layout-flow\">\n<figure class=\"wp-block-image size-large has-custom-border is-style-rounded\"><img loading=\"lazy\" decoding=\"async\" width=\"994\" height=\"1024\" src=\"https:\/\/afgformation.fr\/wp\/app\/uploads\/sites\/2\/2025\/12\/Ganan-Mariana-ok-994x1024.jpg\" alt=\"\" class=\"wp-image-408\" style=\"border-radius:20px;aspect-ratio:1;object-fit:cover\" srcset=\"https:\/\/www.afg.asso.fr\/app\/uploads\/sites\/2\/2025\/12\/Ganan-Mariana-ok-994x1024.jpg 994w, https:\/\/www.afg.asso.fr\/app\/uploads\/sites\/2\/2025\/12\/Ganan-Mariana-ok-291x300.jpg 291w, https:\/\/www.afg.asso.fr\/app\/uploads\/sites\/2\/2025\/12\/Ganan-Mariana-ok-768x791.jpg 768w, https:\/\/www.afg.asso.fr\/app\/uploads\/sites\/2\/2025\/12\/Ganan-Mariana-ok-1492x1536.jpg 1492w, https:\/\/www.afg.asso.fr\/app\/uploads\/sites\/2\/2025\/12\/Ganan-Mariana-ok-58x60.jpg 58w, https:\/\/www.afg.asso.fr\/app\/uploads\/sites\/2\/2025\/12\/Ganan-Mariana-ok.jpg 1920w\" sizes=\"auto, (max-width: 994px) 100vw, 994px\" \/><\/figure>\n<\/div>\n<\/div>\n<\/div>\n\n\n\n<div class=\"wp-block-columns is-layout-flex wp-container-core-columns-is-layout-28f84493 wp-block-columns-is-layout-flex\">\n<div class=\"wp-block-column is-layout-flow wp-block-column-is-layout-flow\">\n<p><strong>Herv\u00e9 Souffi<\/strong><\/p>\n\n\n\n<blockquote class=\"wp-block-quote is-layout-flow wp-block-quote-is-layout-flow\">\n<p>Responsable produits formations&nbsp;<\/p>\n<\/blockquote>\n<\/div>\n\n\n\n<div class=\"wp-block-column is-layout-flow wp-block-column-is-layout-flow\">\n<p><strong>Nathalie Rolland<\/strong><\/p>\n\n\n\n<blockquote class=\"wp-block-quote is-layout-flow wp-block-quote-is-layout-flow\">\n<p>Responsable e-trainings<\/p>\n<\/blockquote>\n<\/div>\n\n\n\n<div class=\"wp-block-column is-layout-flow wp-block-column-is-layout-flow\">\n<p><strong>Marianna Ganan<\/strong><\/p>\n\n\n\n<blockquote class=\"wp-block-quote is-layout-flow wp-block-quote-is-layout-flow\">\n<p>Charg\u00e9e de formation<\/p>\n<\/blockquote>\n<\/div>\n<\/div>\n<\/div><\/div>\n\n\n\n<div style=\"height:43px\" aria-hidden=\"true\" class=\"wp-block-spacer\"><\/div>\n\n\n\n<h2 class=\"wp-block-heading\" id=\"formez-vous-avec-nos-experts-en-gestion-d-actifs\"><strong>Formez-vous avec nos experts en gestion d\u2019actifs<\/strong><\/h2>\n\n\n\n<div style=\"height:40px\" aria-hidden=\"true\" class=\"wp-block-spacer\"><\/div>\n\n\n\n<div class=\"wp-block-group\"><div class=\"wp-block-group__inner-container is-layout-constrained wp-block-group-is-layout-constrained\">\n<div class=\"wp-block-columns is-layout-flex wp-container-core-columns-is-layout-28f84493 wp-block-columns-is-layout-flex\">\n<div class=\"wp-block-column is-layout-flow wp-block-column-is-layout-flow\" style=\"flex-basis:33.33%\">\n<figure class=\"wp-block-image size-full has-custom-border\"><img loading=\"lazy\" decoding=\"async\" width=\"1000\" height=\"667\" src=\"https:\/\/www.afg.asso.fr\/app\/uploads\/sites\/2\/2025\/12\/15515.jpg\" alt=\"\" class=\"wp-image-484\" style=\"border-radius:20px\" srcset=\"https:\/\/www.afg.asso.fr\/app\/uploads\/sites\/2\/2025\/12\/15515.jpg 1000w, https:\/\/www.afg.asso.fr\/app\/uploads\/sites\/2\/2025\/12\/15515-300x200.jpg 300w, https:\/\/www.afg.asso.fr\/app\/uploads\/sites\/2\/2025\/12\/15515-768x512.jpg 768w, https:\/\/www.afg.asso.fr\/app\/uploads\/sites\/2\/2025\/12\/15515-60x40.jpg 60w\" sizes=\"auto, (max-width: 1000px) 100vw, 1000px\" \/><\/figure>\n<\/div>\n\n\n\n<div class=\"wp-block-column is-layout-flow wp-block-column-is-layout-flow\" style=\"flex-basis:66.66%\">\n<p>Nos formations professionnelles en gestion d\u2019actifs sont anim\u00e9es par des <strong>experts reconnus du secteur financier<\/strong>, soigneusement s\u00e9lectionn\u00e9s pour leur exp\u00e9rience et leur qualit\u00e9 p\u00e9dagogique. Depuis de nombreuses ann\u00e9es, nous entretenons avec eux une relation de confiance, gage de qualit\u00e9 et de continuit\u00e9 dans nos programmes de formation certifiante.<\/p>\n\n\n\n<p>Chaque formateur poss\u00e8de une expertise technique pointue et des comp\u00e9tences p\u00e9dagogiques reconnues, essentielles pour garantir une mont\u00e9e en comp\u00e9tence rapide et concr\u00e8te. Nos parcours de formation s\u2019adaptent aux besoins de tous les professionnels de la finance, que vous interveniez en <strong>conformit\u00e9 financi\u00e8re, contr\u00f4le interne, \u00e9pargne salariale, finance durable<\/strong>\u2026 ou tout autre domaine en gestion d\u2019actifs.<\/p>\n\n\n\n<p>Ensemble, nous d\u00e9veloppons des programmes de formation pratiques et op\u00e9rationnels, constamment actualis\u00e9s pour suivre les \u00e9volutions r\u00e9glementaires et les enjeux du march\u00e9.<\/p>\n<\/div>\n<\/div>\n<\/div><\/div>\n\n\n\n<div style=\"height:107px\" aria-hidden=\"true\" class=\"wp-block-spacer\"><\/div>\n\n\n\n<div class=\"wp-block-group\"><div class=\"wp-block-group__inner-container is-layout-constrained wp-block-group-is-layout-constrained\">\n<h2 class=\"wp-block-heading\" id=\"moyens-pedagogiques-et-techniques-1\"><strong>D\u00e9couvrez nos formations incontournables<\/strong><\/h2>\n\n\n\n<div style=\"height:32px\" aria-hidden=\"true\" class=\"wp-block-spacer\"><\/div>\n\n\n\n<div class=\"wp-block-columns is-layout-flex wp-container-core-columns-is-layout-28f84493 wp-block-columns-is-layout-flex\">\n<div class=\"wp-block-column is-layout-flow wp-block-column-is-layout-flow\" style=\"flex-basis:66.66%\">\n<p><a href=\"https:\/\/afgformation.fr\/seminaires\/\" data-type=\"page\" data-id=\"79\"><strong>S\u00e9minaire<\/strong> <\/a>: 100 % adapt\u00e9s \u00e0 vos besoins, des formations sur catalogue ou sur-mesure. AFG Formation et ses experts vous accompagnent dans vos parcours de formation dans le domaine de la gestion d\u2019actifs.<\/p>\n\n\n\n<div class=\"wp-block-buttons is-content-justification-right is-layout-flex wp-container-core-buttons-is-layout-d445cf74 wp-block-buttons-is-layout-flex\">\n<div class=\"wp-block-button\"><a class=\"wp-block-button__link has-text-align-right wp-element-button\" href=\"https:\/\/afgformation.fr\/seminaires\/\">En savoir plus<\/a><\/div>\n<\/div>\n\n\n\n<p><strong><a href=\"https:\/\/afgformation.fr\/fr\/training\/e-trainings-lcb-ft-abus-de-marche-mif-ii-esma\/\" data-type=\"training\" data-id=\"388\">E-trainings<\/a><\/strong> : d\u00e9veloppez et consolidez vos comp\u00e9tences r\u00e9glementaires sur les th\u00e9matiques LCB-FT, Abus de march\u00e9 et MIF II \u2013 ESMA, gr\u00e2ce \u00e0 des modules fiables et structur\u00e9s, con\u00e7us pour vous entra\u00eener efficacement et maximiser votre r\u00e9ussite aux examens.<\/p>\n\n\n\n<div class=\"wp-block-buttons is-content-justification-right is-layout-flex wp-container-core-buttons-is-layout-d445cf74 wp-block-buttons-is-layout-flex\">\n<div class=\"wp-block-button\"><a class=\"wp-block-button__link wp-element-button\" href=\"https:\/\/afgformation.fr\/fr\/training\/e-trainings-lcb-ft-abus-de-marche-mif-ii-esma\/\">En savoir plus<\/a><\/div>\n<\/div>\n\n\n\n<p><strong><a href=\"https:\/\/afgformation.fr\/fr\/training\/certification-amf-generaliste\/\" data-type=\"training\" data-id=\"227\">Certifications AMF G\u00e9n\u00e9raliste<\/a> <\/strong>: cette formation vise \u00e0 garantir aux acteurs de la Place financi\u00e8re un <strong>socle commun et homog\u00e8ne de connaissances<\/strong> en mati\u00e8re d\u2019environnement financier, r\u00e9glementaire, d\u00e9ontologique et de finance durable. La certification AMF G\u00e9n\u00e9raliste concerne pour les personnes exer\u00e7ant des fonctions cl\u00e9s, sous l\u2019autorit\u00e9 ou pour le compte d\u2019un prestataire de services d\u2019investissement. Avec AFG Formation, pr\u00e9parez votre certification AMF de mani\u00e8re efficace et adapt\u00e9e \u00e0 vos objectifs professionnels.<\/p>\n\n\n\n<div class=\"wp-block-buttons is-content-justification-right is-layout-flex wp-container-core-buttons-is-layout-d445cf74 wp-block-buttons-is-layout-flex\">\n<div class=\"wp-block-button\"><a class=\"wp-block-button__link has-text-align-right wp-element-button\">En savoir plus<\/a><\/div>\n<\/div>\n\n\n\n<p><strong><a href=\"https:\/\/afgformation.fr\/fr\/training\/certification-amf-finance-durable\/\" data-type=\"training\" data-id=\"229\">Certification AMF Finance durable<\/a> <\/strong>: la Finance durable impose une mont\u00e9e en comp\u00e9tence continue. AFG Formation vous propose des parcours adapt\u00e9s et con\u00e7us pour vous pr\u00e9parer pas \u00e0 pas \u00e0 la certification Finance durable. La certification AMF &#8211; Finance durable est compl\u00e9mentaire \u00e0 la certification AMF G\u00e9n\u00e9raliste.<\/p>\n\n\n\n<div class=\"wp-block-buttons is-content-justification-right is-layout-flex wp-container-core-buttons-is-layout-d445cf74 wp-block-buttons-is-layout-flex\">\n<div class=\"wp-block-button\"><a class=\"wp-block-button__link wp-element-button\">En savoir plus<\/a><\/div>\n<\/div>\n<\/div>\n\n\n\n<div class=\"wp-block-column is-layout-flow wp-block-column-is-layout-flow\" style=\"flex-basis:33.33%\">\n<figure class=\"wp-block-image size-full has-custom-border\"><img loading=\"lazy\" decoding=\"async\" width=\"667\" height=\"1000\" src=\"https:\/\/www.afg.asso.fr\/app\/uploads\/sites\/2\/2025\/12\/2149871450.jpg\" alt=\"\" class=\"wp-image-481\" style=\"border-radius:20px;aspect-ratio:0.75;object-fit:cover\" srcset=\"https:\/\/www.afg.asso.fr\/app\/uploads\/sites\/2\/2025\/12\/2149871450.jpg 667w, https:\/\/www.afg.asso.fr\/app\/uploads\/sites\/2\/2025\/12\/2149871450-200x300.jpg 200w, https:\/\/www.afg.asso.fr\/app\/uploads\/sites\/2\/2025\/12\/2149871450-40x60.jpg 40w\" sizes=\"auto, (max-width: 667px) 100vw, 667px\" \/><\/figure>\n<\/div>\n<\/div>\n\n\n\n<div style=\"height:75px\" aria-hidden=\"true\" class=\"wp-block-spacer\"><\/div>\n<\/div><\/div>\n\n\n\n<figure class=\"wp-block-pullquote has-white-background-color has-background\"><blockquote><p><strong>AFG Formation, votre partenaire de r\u00e9f\u00e9rence pour transformer les connaissances en performance.<\/strong><\/p><\/blockquote><\/figure>\n\n\n\n<div style=\"height:38px\" aria-hidden=\"true\" class=\"wp-block-spacer\"><\/div>\n\n\n\n<div class=\"wp-block-buttons is-content-justification-center is-layout-flex wp-container-core-buttons-is-layout-a89b3969 wp-block-buttons-is-layout-flex\">\n<div class=\"wp-block-button\"><a class=\"wp-block-button__link has-text-align-center wp-element-button\" href=\"https:\/\/afgformation.fr\/nous-contacter\/\">Inscrivez-vous d\u00e8s maintenant<\/a><\/div>\n<\/div>\n\n\n\n<div style=\"height:160px\" aria-hidden=\"true\" class=\"wp-block-spacer\"><\/div>\n","protected":false},"excerpt":{"rendered":"<p>Notre histoire Depuis plus de 20 ans, AFG Formation accompagne les professionnels dans leur d\u00e9veloppement et leur mont\u00e9e en comp\u00e9tences&hellip;<\/p>\n","protected":false},"author":3,"featured_media":560,"parent":0,"menu_order":0,"comment_status":"closed","ping_status":"closed","template":"","meta":{"_acf_changed":false,"_gspb_post_css":".gspb_container-id-gsbp-42b5851{flex-direction:column;box-sizing:border-box}#gspb_container-id-gsbp-42b5851.gspb_container>p:last-of-type{margin-bottom:0}#gspb_container-id-gsbp-42b5851.gspb_container{position:relative;margin-bottom:0}","footnotes":""},"class_list":["post-113","page","type-page","status-publish","has-post-thumbnail","hentry"],"acf":[],"_links":{"self":[{"href":"https:\/\/afgformation.fr\/fr\/wp-json\/wp\/v2\/pages\/113","targetHints":{"allow":["GET"]}}],"collection":[{"href":"https:\/\/afgformation.fr\/fr\/wp-json\/wp\/v2\/pages"}],"about":[{"href":"https:\/\/afgformation.fr\/fr\/wp-json\/wp\/v2\/types\/page"}],"author":[{"embeddable":true,"href":"https:\/\/afgformation.fr\/fr\/wp-json\/wp\/v2\/users\/3"}],"replies":[{"embeddable":true,"href":"https:\/\/afgformation.fr\/fr\/wp-json\/wp\/v2\/comments?post=113"}],"version-history":[{"count":0,"href":"https:\/\/afgformation.fr\/fr\/wp-json\/wp\/v2\/pages\/113\/revisions"}],"wp:featuredmedia":[{"embeddable":true,"href":"https:\/\/afgformation.fr\/fr\/wp-json\/wp\/v2\/media\/560"}],"wp:attachment":[{"href":"https:\/\/afgformation.fr\/fr\/wp-json\/wp\/v2\/media?parent=113"}],"curies":[{"name":"wp","href":"https:\/\/api.w.org\/{rel}","templated":true}]}}